{"id":2991,"date":"2025-07-15T14:39:58","date_gmt":"2025-07-15T14:39:58","guid":{"rendered":"https:\/\/flamingosschool.com\/?post_type=product&#038;p=2991"},"modified":"2025-07-25T09:15:52","modified_gmt":"2025-07-25T09:15:52","slug":"slovensky-jazyk-v-kocke-gramaticke-tabulky-pre-zakladne-skoly-slovesa","status":"publish","type":"product","link":"https:\/\/flamingosschool.com\/sk\/product\/slovensky-jazyk-v-kocke-gramaticke-tabulky-pre-zakladne-skoly-slovesa\/","title":{"rendered":"Slovensk\u00fd jazyk v kocke &#8211; Gramatick\u00e9 tabu\u013eky pre z\u00e1kladn\u00e9 \u0161koly &#8211; Sloves\u00e1"},"content":{"rendered":"<p><strong>Sloves\u00e1<\/strong> &#8211; preh\u013eadn\u00e9 delenie, pravopis a pou\u017eitie slovies vo vete.<br \/>\nVhodn\u00e9 pre \u017eiakov, \u0161tudentov aj dospel\u00fdch, ktor\u00ed chc\u00fa p\u00edsa\u0165 a hovori\u0165 po slovensky spr\u00e1vne!<\/p>\n<p>Pomocn\u00edk pri u\u010den\u00ed sa sloven\u010diny. M\u00e1te probl\u00e9m s vybran\u00fdmi slovami, sklo\u0148ovan\u00edm \u010di pravopisom? S na\u0161imi gramatick\u00fdmi tabu\u013ekami u\u017e \u017eiadna chyba nebude ma\u0165 \u0161ancu!<\/p>\n<p><strong>\u010co pon\u00fakame?<\/strong><br \/>\nDelenie slovies, preh\u013ead \u010dasovania, preh\u013ead slovesn\u00fdch tvarov, v\u0161etky slovesn\u00e9 gramatick\u00e9 kateg\u00f3rie, pou\u017e\u00edvanie zvratn\u00fdch slovies, praktick\u00e9 pr\u00edklady.<br \/>\nPreh\u013eadn\u00e9 pravidl\u00e1 slovensk\u00e9ho jazyka na jednom mieste.<br \/>\nJasn\u00e9 vysvetlenia a pr\u00edklady.<br \/>\nSpracovanie v\u0161etk\u00fdch 10 slovn\u00fdch druhov a vybran\u00fdch slov.<br \/>\nIde\u00e1lne na u\u010denie, r\u00fdchle opakovanie aj pr\u00edpravu na testy.<\/p>\n","protected":false},"excerpt":{"rendered":"<p>Sloves\u00e1 &#8211; preh\u013eadn\u00e9 delenie, pravopis a pou\u017eitie slovies vo vete. Vhodn\u00e9 pre \u017eiakov, \u0161tudentov aj dospel\u00fdch, ktor\u00ed chc\u00fa p\u00edsa\u0165 a hovori\u0165 po slovensky spr\u00e1vne! Pomocn\u00edk pri u\u010den\u00ed sa sloven\u010diny. M\u00e1te probl\u00e9m s vybran\u00fdmi slovami, sklo\u0148ovan\u00edm \u010di pravopisom? S na\u0161imi gramatick\u00fdmi tabu\u013ekami u\u017e \u017eiadna chyba nebude ma\u0165 \u0161ancu! \u010co pon\u00fakame? Delenie slovies, preh\u013ead \u010dasovania, preh\u013ead slovesn\u00fdch [&hellip;]<\/p>\n","protected":false},"featured_media":2992,"comment_status":"closed","ping_status":"closed","template":"","meta":{"_acf_changed":false,"_editorskit_title_hidden":false,"_editorskit_reading_time":0,"_editorskit_is_block_options_detached":false,"_editorskit_block_options_position":"{}"},"product_brand":[],"product_cat":[56,60],"product_tag":[],"class_list":{"0":"post-2991","1":"product","2":"type-product","3":"status-publish","4":"has-post-thumbnail","6":"product_cat-uncategorized","7":"product_cat-slovne-druhy","9":"first","10":"instock","11":"shipping-taxable","12":"product-type-external"},"acf":[],"yoast_head":"<!-- This site is optimized with the Yoast SEO plugin v27.5 - https:\/\/yoast.com\/product\/yoast-seo-wordpress\/ -->\n<title>Slovensk\u00fd jazyk v kocke - Gramatick\u00e9 tabu\u013eky pre z\u00e1kladn\u00e9 \u0161koly - Sloves\u00e1 - Flamingos School<\/title>\n<meta name=\"robots\" content=\"index, follow, max-snippet:-1, max-image-preview:large, max-video-preview:-1\" \/>\n<link rel=\"canonical\" href=\"https:\/\/flamingosschool.com\/product\/slovensky-jazyk-v-kocke-gramaticke-tabulky-pre-zakladne-skoly-slovesa\/\" \/>\n<meta property=\"og:locale\" content=\"sk_SK\" \/>\n<meta property=\"og:type\" content=\"article\" \/>\n<meta property=\"og:title\" content=\"Slovensk\u00fd jazyk v kocke - Gramatick\u00e9 tabu\u013eky pre z\u00e1kladn\u00e9 \u0161koly - Sloves\u00e1 - Flamingos School\" \/>\n<meta property=\"og:description\" content=\"Sloves\u00e1 &#8211; preh\u013eadn\u00e9 delenie, pravopis a pou\u017eitie slovies vo vete. Vhodn\u00e9 pre \u017eiakov, \u0161tudentov aj dospel\u00fdch, ktor\u00ed chc\u00fa p\u00edsa\u0165 a hovori\u0165 po slovensky spr\u00e1vne! Pomocn\u00edk pri u\u010den\u00ed sa sloven\u010diny. M\u00e1te probl\u00e9m s vybran\u00fdmi slovami, sklo\u0148ovan\u00edm \u010di pravopisom? S na\u0161imi gramatick\u00fdmi tabu\u013ekami u\u017e \u017eiadna chyba nebude ma\u0165 \u0161ancu! \u010co pon\u00fakame? Delenie slovies, preh\u013ead \u010dasovania, preh\u013ead slovesn\u00fdch [&hellip;]\" \/>\n<meta property=\"og:url\" content=\"https:\/\/flamingosschool.com\/product\/slovensky-jazyk-v-kocke-gramaticke-tabulky-pre-zakladne-skoly-slovesa\/\" \/>\n<meta property=\"og:site_name\" content=\"Flamingos School\" \/>\n<meta property=\"article:publisher\" content=\"https:\/\/www.facebook.com\/flamingosschool\/\" \/>\n<meta property=\"article:modified_time\" content=\"2025-07-25T09:15:52+00:00\" \/>\n<meta property=\"og:image\" content=\"https:\/\/i0.wp.com\/flamingosschool.com\/wp-content\/uploads\/2025\/07\/5.jpg?fit=1200%2C1500&ssl=1\" \/>\n\t<meta property=\"og:image:width\" content=\"1200\" \/>\n\t<meta property=\"og:image:height\" content=\"1500\" \/>\n\t<meta property=\"og:image:type\" content=\"image\/jpeg\" \/>\n<script type=\"application\/ld+json\" class=\"yoast-schema-graph\">{\"@context\":\"https:\\\/\\\/schema.org\",\"@graph\":[{\"@type\":\"WebPage\",\"@id\":\"https:\\\/\\\/flamingosschool.com\\\/product\\\/slovensky-jazyk-v-kocke-gramaticke-tabulky-pre-zakladne-skoly-slovesa\\\/\",\"url\":\"https:\\\/\\\/flamingosschool.com\\\/product\\\/slovensky-jazyk-v-kocke-gramaticke-tabulky-pre-zakladne-skoly-slovesa\\\/\",\"name\":\"Slovensk\u00fd jazyk v kocke - Gramatick\u00e9 tabu\u013eky pre z\u00e1kladn\u00e9 \u0161koly - Sloves\u00e1 - Flamingos School\",\"isPartOf\":{\"@id\":\"https:\\\/\\\/flamingosschool.com\\\/#website\"},\"primaryImageOfPage\":{\"@id\":\"https:\\\/\\\/flamingosschool.com\\\/product\\\/slovensky-jazyk-v-kocke-gramaticke-tabulky-pre-zakladne-skoly-slovesa\\\/#primaryimage\"},\"image\":{\"@id\":\"https:\\\/\\\/flamingosschool.com\\\/product\\\/slovensky-jazyk-v-kocke-gramaticke-tabulky-pre-zakladne-skoly-slovesa\\\/#primaryimage\"},\"thumbnailUrl\":\"https:\\\/\\\/flamingosschool.com\\\/wp-content\\\/uploads\\\/2025\\\/07\\\/5.jpg\",\"datePublished\":\"2025-07-15T14:39:58+00:00\",\"dateModified\":\"2025-07-25T09:15:52+00:00\",\"breadcrumb\":{\"@id\":\"https:\\\/\\\/flamingosschool.com\\\/product\\\/slovensky-jazyk-v-kocke-gramaticke-tabulky-pre-zakladne-skoly-slovesa\\\/#breadcrumb\"},\"inLanguage\":\"sk-SK\",\"potentialAction\":[{\"@type\":\"ReadAction\",\"target\":[\"https:\\\/\\\/flamingosschool.com\\\/product\\\/slovensky-jazyk-v-kocke-gramaticke-tabulky-pre-zakladne-skoly-slovesa\\\/\"]}]},{\"@type\":\"ImageObject\",\"inLanguage\":\"sk-SK\",\"@id\":\"https:\\\/\\\/flamingosschool.com\\\/product\\\/slovensky-jazyk-v-kocke-gramaticke-tabulky-pre-zakladne-skoly-slovesa\\\/#primaryimage\",\"url\":\"https:\\\/\\\/flamingosschool.com\\\/wp-content\\\/uploads\\\/2025\\\/07\\\/5.jpg\",\"contentUrl\":\"https:\\\/\\\/flamingosschool.com\\\/wp-content\\\/uploads\\\/2025\\\/07\\\/5.jpg\",\"width\":1200,\"height\":1500},{\"@type\":\"BreadcrumbList\",\"@id\":\"https:\\\/\\\/flamingosschool.com\\\/product\\\/slovensky-jazyk-v-kocke-gramaticke-tabulky-pre-zakladne-skoly-slovesa\\\/#breadcrumb\",\"itemListElement\":[{\"@type\":\"ListItem\",\"position\":1,\"name\":\"Home\",\"item\":\"https:\\\/\\\/flamingosschool.com\\\/\"},{\"@type\":\"ListItem\",\"position\":2,\"name\":\"Shop\",\"item\":\"https:\\\/\\\/flamingosschool.com\\\/shop\\\/\"},{\"@type\":\"ListItem\",\"position\":3,\"name\":\"Slovensk\u00fd jazyk v kocke &#8211; Gramatick\u00e9 tabu\u013eky pre z\u00e1kladn\u00e9 \u0161koly &#8211; Sloves\u00e1\"}]},{\"@type\":\"WebSite\",\"@id\":\"https:\\\/\\\/flamingosschool.com\\\/#website\",\"url\":\"https:\\\/\\\/flamingosschool.com\\\/\",\"name\":\"Flamingos School\",\"description\":\"Learn Slovak language\",\"publisher\":{\"@id\":\"https:\\\/\\\/flamingosschool.com\\\/#organization\"},\"potentialAction\":[{\"@type\":\"SearchAction\",\"target\":{\"@type\":\"EntryPoint\",\"urlTemplate\":\"https:\\\/\\\/flamingosschool.com\\\/?s={search_term_string}\"},\"query-input\":{\"@type\":\"PropertyValueSpecification\",\"valueRequired\":true,\"valueName\":\"search_term_string\"}}],\"inLanguage\":\"sk-SK\"},{\"@type\":\"Organization\",\"@id\":\"https:\\\/\\\/flamingosschool.com\\\/#organization\",\"name\":\"Flamingos School\",\"url\":\"https:\\\/\\\/flamingosschool.com\\\/\",\"logo\":{\"@type\":\"ImageObject\",\"inLanguage\":\"sk-SK\",\"@id\":\"https:\\\/\\\/flamingosschool.com\\\/#\\\/schema\\\/logo\\\/image\\\/\",\"url\":\"https:\\\/\\\/flamingosschool.com\\\/wp-content\\\/uploads\\\/2022\\\/09\\\/Flamingos-resize-198x49-1.png\",\"contentUrl\":\"https:\\\/\\\/flamingosschool.com\\\/wp-content\\\/uploads\\\/2022\\\/09\\\/Flamingos-resize-198x49-1.png\",\"width\":198,\"height\":49,\"caption\":\"Flamingos School\"},\"image\":{\"@id\":\"https:\\\/\\\/flamingosschool.com\\\/#\\\/schema\\\/logo\\\/image\\\/\"},\"sameAs\":[\"https:\\\/\\\/www.facebook.com\\\/flamingosschool\\\/\",\"https:\\\/\\\/www.instagram.com\\\/flamingos.online.school\\\/\"]}]}<\/script>\n<!-- \/ Yoast SEO plugin. -->","yoast_head_json":{"title":"Slovensk\u00fd jazyk v kocke - Gramatick\u00e9 tabu\u013eky pre z\u00e1kladn\u00e9 \u0161koly - Sloves\u00e1 - Flamingos School","robots":{"index":"index","follow":"follow","max-snippet":"max-snippet:-1","max-image-preview":"max-image-preview:large","max-video-preview":"max-video-preview:-1"},"canonical":"https:\/\/flamingosschool.com\/product\/slovensky-jazyk-v-kocke-gramaticke-tabulky-pre-zakladne-skoly-slovesa\/","og_locale":"sk_SK","og_type":"article","og_title":"Slovensk\u00fd jazyk v kocke - Gramatick\u00e9 tabu\u013eky pre z\u00e1kladn\u00e9 \u0161koly - Sloves\u00e1 - Flamingos School","og_description":"Sloves\u00e1 &#8211; preh\u013eadn\u00e9 delenie, pravopis a pou\u017eitie slovies vo vete. Vhodn\u00e9 pre \u017eiakov, \u0161tudentov aj dospel\u00fdch, ktor\u00ed chc\u00fa p\u00edsa\u0165 a hovori\u0165 po slovensky spr\u00e1vne! Pomocn\u00edk pri u\u010den\u00ed sa sloven\u010diny. M\u00e1te probl\u00e9m s vybran\u00fdmi slovami, sklo\u0148ovan\u00edm \u010di pravopisom? S na\u0161imi gramatick\u00fdmi tabu\u013ekami u\u017e \u017eiadna chyba nebude ma\u0165 \u0161ancu! \u010co pon\u00fakame? Delenie slovies, preh\u013ead \u010dasovania, preh\u013ead slovesn\u00fdch [&hellip;]","og_url":"https:\/\/flamingosschool.com\/product\/slovensky-jazyk-v-kocke-gramaticke-tabulky-pre-zakladne-skoly-slovesa\/","og_site_name":"Flamingos School","article_publisher":"https:\/\/www.facebook.com\/flamingosschool\/","article_modified_time":"2025-07-25T09:15:52+00:00","og_image":[{"width":1200,"height":1500,"url":"https:\/\/i0.wp.com\/flamingosschool.com\/wp-content\/uploads\/2025\/07\/5.jpg?fit=1200%2C1500&ssl=1","type":"image\/jpeg"}],"schema":{"@context":"https:\/\/schema.org","@graph":[{"@type":"WebPage","@id":"https:\/\/flamingosschool.com\/product\/slovensky-jazyk-v-kocke-gramaticke-tabulky-pre-zakladne-skoly-slovesa\/","url":"https:\/\/flamingosschool.com\/product\/slovensky-jazyk-v-kocke-gramaticke-tabulky-pre-zakladne-skoly-slovesa\/","name":"Slovensk\u00fd jazyk v kocke - Gramatick\u00e9 tabu\u013eky pre z\u00e1kladn\u00e9 \u0161koly - Sloves\u00e1 - Flamingos School","isPartOf":{"@id":"https:\/\/flamingosschool.com\/#website"},"primaryImageOfPage":{"@id":"https:\/\/flamingosschool.com\/product\/slovensky-jazyk-v-kocke-gramaticke-tabulky-pre-zakladne-skoly-slovesa\/#primaryimage"},"image":{"@id":"https:\/\/flamingosschool.com\/product\/slovensky-jazyk-v-kocke-gramaticke-tabulky-pre-zakladne-skoly-slovesa\/#primaryimage"},"thumbnailUrl":"https:\/\/flamingosschool.com\/wp-content\/uploads\/2025\/07\/5.jpg","datePublished":"2025-07-15T14:39:58+00:00","dateModified":"2025-07-25T09:15:52+00:00","breadcrumb":{"@id":"https:\/\/flamingosschool.com\/product\/slovensky-jazyk-v-kocke-gramaticke-tabulky-pre-zakladne-skoly-slovesa\/#breadcrumb"},"inLanguage":"sk-SK","potentialAction":[{"@type":"ReadAction","target":["https:\/\/flamingosschool.com\/product\/slovensky-jazyk-v-kocke-gramaticke-tabulky-pre-zakladne-skoly-slovesa\/"]}]},{"@type":"ImageObject","inLanguage":"sk-SK","@id":"https:\/\/flamingosschool.com\/product\/slovensky-jazyk-v-kocke-gramaticke-tabulky-pre-zakladne-skoly-slovesa\/#primaryimage","url":"https:\/\/flamingosschool.com\/wp-content\/uploads\/2025\/07\/5.jpg","contentUrl":"https:\/\/flamingosschool.com\/wp-content\/uploads\/2025\/07\/5.jpg","width":1200,"height":1500},{"@type":"BreadcrumbList","@id":"https:\/\/flamingosschool.com\/product\/slovensky-jazyk-v-kocke-gramaticke-tabulky-pre-zakladne-skoly-slovesa\/#breadcrumb","itemListElement":[{"@type":"ListItem","position":1,"name":"Home","item":"https:\/\/flamingosschool.com\/"},{"@type":"ListItem","position":2,"name":"Shop","item":"https:\/\/flamingosschool.com\/shop\/"},{"@type":"ListItem","position":3,"name":"Slovensk\u00fd jazyk v kocke &#8211; Gramatick\u00e9 tabu\u013eky pre z\u00e1kladn\u00e9 \u0161koly &#8211; Sloves\u00e1"}]},{"@type":"WebSite","@id":"https:\/\/flamingosschool.com\/#website","url":"https:\/\/flamingosschool.com\/","name":"Flamingos School","description":"Learn Slovak language","publisher":{"@id":"https:\/\/flamingosschool.com\/#organization"},"potentialAction":[{"@type":"SearchAction","target":{"@type":"EntryPoint","urlTemplate":"https:\/\/flamingosschool.com\/?s={search_term_string}"},"query-input":{"@type":"PropertyValueSpecification","valueRequired":true,"valueName":"search_term_string"}}],"inLanguage":"sk-SK"},{"@type":"Organization","@id":"https:\/\/flamingosschool.com\/#organization","name":"Flamingos School","url":"https:\/\/flamingosschool.com\/","logo":{"@type":"ImageObject","inLanguage":"sk-SK","@id":"https:\/\/flamingosschool.com\/#\/schema\/logo\/image\/","url":"https:\/\/flamingosschool.com\/wp-content\/uploads\/2022\/09\/Flamingos-resize-198x49-1.png","contentUrl":"https:\/\/flamingosschool.com\/wp-content\/uploads\/2022\/09\/Flamingos-resize-198x49-1.png","width":198,"height":49,"caption":"Flamingos School"},"image":{"@id":"https:\/\/flamingosschool.com\/#\/schema\/logo\/image\/"},"sameAs":["https:\/\/www.facebook.com\/flamingosschool\/","https:\/\/www.instagram.com\/flamingos.online.school\/"]}]}},"jetpack_sharing_enabled":true,"_links":{"self":[{"href":"https:\/\/flamingosschool.com\/sk\/wp-json\/wp\/v2\/product\/2991","targetHints":{"allow":["GET"]}}],"collection":[{"href":"https:\/\/flamingosschool.com\/sk\/wp-json\/wp\/v2\/product"}],"about":[{"href":"https:\/\/flamingosschool.com\/sk\/wp-json\/wp\/v2\/types\/product"}],"replies":[{"embeddable":true,"href":"https:\/\/flamingosschool.com\/sk\/wp-json\/wp\/v2\/comments?post=2991"}],"wp:featuredmedia":[{"embeddable":true,"href":"https:\/\/flamingosschool.com\/sk\/wp-json\/wp\/v2\/media\/2992"}],"wp:attachment":[{"href":"https:\/\/flamingosschool.com\/sk\/wp-json\/wp\/v2\/media?parent=2991"}],"wp:term":[{"taxonomy":"product_brand","embeddable":true,"href":"https:\/\/flamingosschool.com\/sk\/wp-json\/wp\/v2\/product_brand?post=2991"},{"taxonomy":"product_cat","embeddable":true,"href":"https:\/\/flamingosschool.com\/sk\/wp-json\/wp\/v2\/product_cat?post=2991"},{"taxonomy":"product_tag","embeddable":true,"href":"https:\/\/flamingosschool.com\/sk\/wp-json\/wp\/v2\/product_tag?post=2991"}],"curies":[{"name":"wp","href":"https:\/\/api.w.org\/{rel}","templated":true}]}}