{"id":3309,"date":"2025-08-11T18:24:41","date_gmt":"2025-08-11T18:24:41","guid":{"rendered":"https:\/\/flamingosschool.com\/emqa-questions\/"},"modified":"2025-09-17T00:16:38","modified_gmt":"2025-09-17T00:16:38","slug":"emqa-questions","status":"publish","type":"page","link":"https:\/\/flamingosschool.com\/sk\/emqa-questions\/","title":{"rendered":"P\u00fdtali ste sa a my sme odpovedali"},"content":{"rendered":"<div class=\"questalk-modern\"><div class=\"emqa-container\" ><div class=\"emqa-questions-archive\"><form id=\"emqa-search\" class=\"emqa-search\"> <svg class=\"searchicon\" xmlns=\"http:\/\/www.w3.org\/2000\/svg\" viewBox=\"0 0 512 512\"><path d=\"M416 208c0 45.9-14.9 88.3-40 122.7L502.6 457.4c12.5 12.5 12.5 32.8 0 45.3s-32.8 12.5-45.3 0L330.7 376c-34.4 25.2-76.8 40-122.7 40C93.1 416 0 322.9 0 208S93.1 0 208 0S416 93.1 416 208zM208 352a144 144 0 1 0 0-288 144 144 0 1 0 0 288z\"\/><\/svg> <input data-nonce=\"e8b0f4253e\" type=\"text\" placeholder=\"Sem nap\u00ed\u0161te svoju ot\u00e1zku alebo k\u013e\u00fa\u010dov\u00e9 slovo\u2026\" name=\"qs\" value=\"\"><\/form><div class=\"emqa-question-filter\"><div class=\"emqa-filter-menuitem\"><div class=\"emqa-status-filter\"><span class=\"current-filter downicon\" style=\"display: none;\">Vybra\u0165 stav<\/span><div id=\"emqa-filter-by-status\" class=\"status-list\"><span>Startus:<\/span><a href=\"\/sk\/wp-json\/wp\/v2\/pages\/3309?filter=all\" class=\"all active\">V\u0161etky<\/a><a href=\"\/sk\/wp-json\/wp\/v2\/pages\/3309?filter=answered\" class=\"answered \">Zodpovedan\u00e1<\/a><a href=\"\/sk\/wp-json\/wp\/v2\/pages\/3309?filter=unanswered\" class=\"unanswered \">Unanswered<\/a><\/div><\/div><\/div><div class=\"emqa-filter-select\"><div class=\"filter sort-by\"><div class=\"filter-by-category select\"><span class=\"current-select downicon\">Vybra\u0165 kateg\u00f3riu<\/span><ul id=\"emqa-filter-by-category\" class=\"category-list\" data-selected=\"all\"><li class='cat-item-all'><a href='https:\/\/flamingosschool.com\/sk\/question\/'>V\u0161etky<\/a><\/li><li class=\"cat-item cat-item-62\" data-cat=\"62\"><a href=\"https:\/\/flamingosschool.com\/sk\/question-category\/vybrane-slova\/\" title=\"View all posts filed under Vybran\u00e9 slov\u00e1\">Vybran\u00e9 slov\u00e1<\/a><\/li><li class=\"cat-item cat-item-1237\" data-cat=\"1237\"><a href=\"https:\/\/flamingosschool.com\/sk\/question-category\/sklonovanie-slov\/\" title=\"View all posts filed under Sklo\u0148ovanie slov\">Sklo\u0148ovanie slov<\/a><\/li><li class=\"cat-item cat-item-1335\" data-cat=\"1335\"><a href=\"https:\/\/flamingosschool.com\/sk\/question-category\/casovanie-slovies\/\" title=\"View all posts filed under \u010casovanie slovies\">\u010casovanie slovies<\/a><\/li><li class=\"cat-item cat-item-1433\" data-cat=\"1433\"><a href=\"https:\/\/flamingosschool.com\/sk\/question-category\/ohybne-slovne-druhy\/\" title=\"View all posts filed under Ohybn\u00e9 slovn\u00e9 druhy\">Ohybn\u00e9 slovn\u00e9 druhy<\/a><\/li><li class=\"cat-item cat-item-1531\" data-cat=\"1531\"><a href=\"https:\/\/flamingosschool.com\/question-category\/neohybne-slovne-druhy\/\" title=\"View all posts filed under Neohybn\u00e9 slovn\u00e9 druhy\">Neohybn\u00e9 slovn\u00e9 druhy<\/a><\/li><li class=\"cat-item cat-item-1629\" data-cat=\"1629\"><a href=\"https:\/\/flamingosschool.com\/sk\/question-category\/tvorba-novych-slov\/\" title=\"View all posts filed under Tvorba nov\u00fdch slov\">Tvorba nov\u00fdch slov<\/a><\/li><li class=\"cat-item cat-item-1727\" data-cat=\"1727\"><a href=\"https:\/\/flamingosschool.com\/sk\/question-category\/vetna-skladba\/\" title=\"View all posts filed under Vetn\u00e1 skladba\">Vetn\u00e1 skladba<\/a><\/li><li class=\"cat-item cat-item-1825\" data-cat=\"1825\"><a href=\"https:\/\/flamingosschool.com\/sk\/question-category\/vyslovnost-slov\/\" title=\"View all posts filed under V\u00fdslovnos\u0165 slov\">V\u00fdslovnos\u0165 slov<\/a><\/li><li class=\"cat-item cat-item-1923\" data-cat=\"1923\"><a href=\"https:\/\/flamingosschool.com\/question-category\/pravopis\/\" title=\"View all posts filed under Pravopis\">Pravopis<\/a><\/li><li class=\"cat-item cat-item-2021\" data-cat=\"2021\"><a href=\"https:\/\/flamingosschool.com\/sk\/question-category\/literatura\/\" title=\"View all posts filed under Literat\u00fara\">Literat\u00fara<\/a><\/li><li class=\"cat-item cat-item-2119\" data-cat=\"2119\"><a href=\"https:\/\/flamingosschool.com\/sk\/question-category\/slovenske-dejiny\/\" title=\"View all posts filed under Slovensk\u00e9 dejiny\">Slovensk\u00e9 dejiny<\/a><\/li><li class=\"cat-item cat-item-2217\" data-cat=\"2217\"><a href=\"https:\/\/flamingosschool.com\/sk\/question-category\/geografia-slovenska\/\" title=\"View all posts filed under Geografia Slovenska\">Geografia Slovenska<\/a><\/li><li class=\"cat-item cat-item-2315\" data-cat=\"2315\"><a href=\"https:\/\/flamingosschool.com\/sk\/question-category\/slovenska-kultura\/\" title=\"View all posts filed under Slovensk\u00e1 kult\u00fara\">Slovensk\u00e1 kult\u00fara<\/a><\/li><li class=\"cat-item cat-item-2413\" data-cat=\"2413\"><a href=\"https:\/\/flamingosschool.com\/sk\/question-category\/komisionalne-skusky\/\" title=\"View all posts filed under Komision\u00e1lne sk\u00fa\u0161ky\">Komision\u00e1lne sk\u00fa\u0161ky<\/a><\/li><li class=\"cat-item cat-item-2511\" data-cat=\"2511\"><a href=\"https:\/\/flamingosschool.com\/sk\/question-category\/ine\/\" title=\"View all posts filed under In\u00e9\">In\u00e9<\/a><\/li> <\/ul><\/div><input type=\"hidden\" id=\"emqa_filter_posts_per_page\" name=\"posts_per_page\" value=\"15\"><\/div><select id=\"emqa-sort-by\" class=\"emqa-sort-by\" onchange=\"this.options[this.selectedIndex].value && (window.location = this.options[this.selectedIndex].value);\"><option selected disabled>Zoradi\u0165 pod\u013ea<\/option><option value=\"\/sk\/wp-json\/wp\/v2\/pages\/3309?sort=views\">Zobrazen\u00ed<\/option><option value=\"\/sk\/wp-json\/wp\/v2\/pages\/3309?sort=answers\">Odpovede<\/option><option value=\"\/sk\/wp-json\/wp\/v2\/pages\/3309?sort=votes\">hlasov<\/option><\/select><\/div><\/div><div class=\"emqa-questions-list hidden-status\"><div class=\"emqa-question-item emqa-status-resolved\"><header class=\"emqa-question-title\"><a href=\"https:\/\/flamingosschool.com\/sk\/question\/dva-dve-eura\/\">Dva\/dve eur\u00e1<\/a><\/header><p class=\"emqa-desc\">Ktor\u00fd tvar je spr\u00e1vny \u2013 \u201edva eur\u00e1\u201c alebo \u201edve eur\u00e1\u201c? A pre\u010do?<\/p><div class=\"emqa-question-category\"><a href=\"https:\/\/flamingosschool.com\/question-category\/pravopis\/\" class=\"emqa-cat-item color-1\">Pravopis<\/a><\/div><div class=\"emqa-question-meta bottom\"><div class=\"emqa-question-stats\"><span class=\"emqa-views-count\"><strong>338<\/strong> zobrazen\u00ed<\/span><span class=\"emqa-answers-count\"><strong>1<\/strong> odpovede<\/span><span class=\"emqa-votes-count\"><strong>0<\/strong> po\u010dtu hlasov<\/span><\/div><div class=\"emqa-meta-top\"><span><a href=\"https:\/\/flamingosschool.com\/sk\/emqa-user-profile\/martina\"><img alt='' src='https:\/\/secure.gravatar.com\/avatar\/d9c0092c063e7410875d1303284097d54b149b02145f18e5b32c0a96c6ea9f6b?s=48&#038;d=mm&#038;r=g' srcset='https:\/\/secure.gravatar.com\/avatar\/d9c0092c063e7410875d1303284097d54b149b02145f18e5b32c0a96c6ea9f6b?s=96&#038;d=mm&#038;r=g 2x' class='avatar avatar-48 photo' height='48' width='48' \/>Martina Vojtu\u0161ov\u00e1<\/a> zodpovedan\u00e9 5 mesiacov ago<\/span><\/div><\/div><\/div><div class=\"emqa-question-item emqa-status-answered\"><header class=\"emqa-question-title\"><a href=\"https:\/\/flamingosschool.com\/sk\/question\/citoslovcie\/\">Citoslovcie<\/a><\/header><p class=\"emqa-desc\">Je slovo m\u0148au citoslovcie?<\/p><div class=\"emqa-question-category\"><a href=\"https:\/\/flamingosschool.com\/question-category\/neohybne-slovne-druhy\/\" class=\"emqa-cat-item color-1\">Neohybn\u00e9 slovn\u00e9 druhy<\/a><\/div><div class=\"emqa-question-meta bottom\"><div class=\"emqa-question-stats\"><span class=\"emqa-views-count\"><strong>300<\/strong> zobrazen\u00ed<\/span><span class=\"emqa-answers-count\"><strong>1<\/strong> odpovede<\/span><span class=\"emqa-votes-count\"><strong>0<\/strong> po\u010dtu hlasov<\/span><\/div><div class=\"emqa-meta-top\"><span><a href=\"https:\/\/flamingosschool.com\/sk\/emqa-user-profile\/martina\"><img alt='' src='https:\/\/secure.gravatar.com\/avatar\/d9c0092c063e7410875d1303284097d54b149b02145f18e5b32c0a96c6ea9f6b?s=48&#038;d=mm&#038;r=g' srcset='https:\/\/secure.gravatar.com\/avatar\/d9c0092c063e7410875d1303284097d54b149b02145f18e5b32c0a96c6ea9f6b?s=96&#038;d=mm&#038;r=g 2x' class='avatar avatar-48 photo' height='48' width='48' \/>Martina Vojtu\u0161ov\u00e1<\/a> zodpovedan\u00e9 5 mesiacov ago<\/span><\/div><\/div><\/div><div class=\"emqa-question-item emqa-status-resolved\"><header class=\"emqa-question-title\"><a href=\"https:\/\/flamingosschool.com\/sk\/question\/vybrane-slova\/\">Vybran\u00e9 slov\u00e1<\/a><\/header><p class=\"emqa-desc\">Je mydlo vybran\u00e9 slovo?<\/p><div class=\"emqa-question-category\"><a href=\"https:\/\/flamingosschool.com\/sk\/question-category\/vybrane-slova\/\" class=\"emqa-cat-item color-1\">Vybran\u00e9 slov\u00e1<\/a><\/div><div class=\"emqa-question-meta bottom\"><div class=\"emqa-question-stats\"><span class=\"emqa-views-count\"><strong>310<\/strong> zobrazen\u00ed<\/span><span class=\"emqa-answers-count\"><strong>1<\/strong> odpovede<\/span><span class=\"emqa-votes-count\"><strong>0<\/strong> po\u010dtu hlasov<\/span><\/div><div class=\"emqa-meta-top\"><span><a href=\"https:\/\/flamingosschool.com\/sk\/emqa-user-profile\/martina\"><img alt='' src='https:\/\/secure.gravatar.com\/avatar\/d9c0092c063e7410875d1303284097d54b149b02145f18e5b32c0a96c6ea9f6b?s=48&#038;d=mm&#038;r=g' srcset='https:\/\/secure.gravatar.com\/avatar\/d9c0092c063e7410875d1303284097d54b149b02145f18e5b32c0a96c6ea9f6b?s=96&#038;d=mm&#038;r=g 2x' class='avatar avatar-48 photo' height='48' width='48' \/>Martina Vojtu\u0161ov\u00e1<\/a> zodpovedan\u00e9 5 mesiacov ago<\/span><\/div><\/div><\/div><div class=\"emqa-question-item emqa-status-resolved\"><header class=\"emqa-question-title\"><a href=\"https:\/\/flamingosschool.com\/sk\/question\/podstatne-mena-rody-2\/\">Podstatn\u00e9 men\u00e1 &#8211; rody<\/a><\/header><p class=\"emqa-desc\">Ko\u013eko gramatick\u00fdch rodov ur\u010dujeme pri podstatn\u00fdch men\u00e1ch?<\/p><div class=\"emqa-question-category\"><a href=\"https:\/\/flamingosschool.com\/sk\/question-category\/ohybne-slovne-druhy\/\" class=\"emqa-cat-item color-1\">Ohybn\u00e9 slovn\u00e9 druhy<\/a><\/div><div class=\"emqa-question-meta bottom\"><div class=\"emqa-question-stats\"><span class=\"emqa-views-count\"><strong>442<\/strong> zobrazen\u00ed<\/span><span class=\"emqa-answers-count\"><strong>0<\/strong> odpovede<\/span><span class=\"emqa-votes-count\"><strong>1<\/strong> po\u010dtu hlasov<\/span><\/div><div class=\"emqa-meta-top\"><span><a href=\"https:\/\/flamingosschool.com\/sk\/emqa-user-profile\/Juliana\"><img alt='' src='https:\/\/secure.gravatar.com\/avatar\/4350bcb37e74e3ff933661203b8ead55f49f7730f042e55cd88828ca2e023620?s=48&#038;d=mm&#038;r=g' srcset='https:\/\/secure.gravatar.com\/avatar\/4350bcb37e74e3ff933661203b8ead55f49f7730f042e55cd88828ca2e023620?s=96&#038;d=mm&#038;r=g 2x' class='avatar avatar-48 photo' height='48' width='48' \/>Juliana<\/a> ot\u00e1zka 7 mesiacov ago<\/span><\/div><\/div><\/div><div class=\"emqa-question-item emqa-status-open\"><header class=\"emqa-question-title\"><a href=\"https:\/\/flamingosschool.com\/sk\/question\/podstatne-mena-rody\/\">Podstatn\u00e9 men\u00e1 &#8211; rody<\/a><\/header><p class=\"emqa-desc\">Ko\u013eko gramatick\u00fdch rodov ur\u010dujeme pri podstatn\u00fdch men\u00e1ch.<\/p><div class=\"emqa-question-category\"><a href=\"https:\/\/flamingosschool.com\/sk\/question-category\/ohybne-slovne-druhy\/\" class=\"emqa-cat-item color-1\">Ohybn\u00e9 slovn\u00e9 druhy<\/a><\/div><div class=\"emqa-question-meta bottom\"><div class=\"emqa-question-stats\"><span class=\"emqa-views-count\"><strong>377<\/strong> zobrazen\u00ed<\/span><span class=\"emqa-answers-count\"><strong>0<\/strong> odpovede<\/span><span class=\"emqa-votes-count\"><strong>0<\/strong> po\u010dtu hlasov<\/span><\/div><div class=\"emqa-meta-top\"><span><a href=\"https:\/\/flamingosschool.com\/sk\/emqa-user-profile\/Juliana\"><img alt='' src='https:\/\/secure.gravatar.com\/avatar\/4350bcb37e74e3ff933661203b8ead55f49f7730f042e55cd88828ca2e023620?s=48&#038;d=mm&#038;r=g' srcset='https:\/\/secure.gravatar.com\/avatar\/4350bcb37e74e3ff933661203b8ead55f49f7730f042e55cd88828ca2e023620?s=96&#038;d=mm&#038;r=g 2x' class='avatar avatar-48 photo' height='48' width='48' \/>Juliana<\/a> ot\u00e1zka 7 mesiacov ago<\/span><\/div><\/div><\/div><\/div><div class=\"emqa-questions-footer\"><div class=\"emqa-ask-question\"><a href=\"https:\/\/flamingosschool.com\/sk\/question\/podstatne-mena-rody\/\">Polo\u017ei\u0165 ot\u00e1zku<\/a><\/div><\/div><\/div><\/div><\/div>\n","protected":false},"excerpt":{"rendered":"","protected":false},"author":1,"featured_media":0,"parent":0,"menu_order":0,"comment_status":"closed","ping_status":"closed","template":"","meta":{"_acf_changed":false,"_editorskit_title_hidden":false,"_editorskit_reading_time":0,"_editorskit_is_block_options_detached":false,"_editorskit_block_options_position":"{}","footnotes":""},"class_list":["post-3309","page","type-page","status-publish","hentry"],"acf":[],"yoast_head":"<!-- This site is optimized with the Yoast SEO plugin v27.5 - https:\/\/yoast.com\/product\/yoast-seo-wordpress\/ -->\n<title>P\u00fdtali ste sa a my sme odpovedali - Flamingos School<\/title>\n<meta name=\"robots\" content=\"index, follow, max-snippet:-1, max-image-preview:large, max-video-preview:-1\" \/>\n<link rel=\"canonical\" href=\"https:\/\/flamingosschool.com\/sk\/emqa-questions\/\" \/>\n<meta property=\"og:locale\" content=\"sk_SK\" \/>\n<meta property=\"og:type\" content=\"article\" \/>\n<meta property=\"og:title\" content=\"P\u00fdtali ste sa a my sme odpovedali - Flamingos School\" \/>\n<meta property=\"og:url\" content=\"https:\/\/flamingosschool.com\/sk\/emqa-questions\/\" \/>\n<meta property=\"og:site_name\" content=\"Flamingos School\" \/>\n<meta property=\"article:publisher\" content=\"https:\/\/www.facebook.com\/flamingosschool\/\" \/>\n<meta property=\"article:modified_time\" content=\"2025-09-17T00:16:38+00:00\" \/>\n<script type=\"application\/ld+json\" class=\"yoast-schema-graph\">{\"@context\":\"https:\\\/\\\/schema.org\",\"@graph\":[{\"@type\":\"WebPage\",\"@id\":\"https:\\\/\\\/flamingosschool.com\\\/sk\\\/emqa-questions\\\/\",\"url\":\"https:\\\/\\\/flamingosschool.com\\\/sk\\\/emqa-questions\\\/\",\"name\":\"P\u00fdtali ste sa a my sme odpovedali - Flamingos School\",\"isPartOf\":{\"@id\":\"https:\\\/\\\/flamingosschool.com\\\/#website\"},\"datePublished\":\"2025-08-11T18:24:41+00:00\",\"dateModified\":\"2025-09-17T00:16:38+00:00\",\"breadcrumb\":{\"@id\":\"https:\\\/\\\/flamingosschool.com\\\/sk\\\/emqa-questions\\\/#breadcrumb\"},\"inLanguage\":\"sk-SK\",\"potentialAction\":[{\"@type\":\"ReadAction\",\"target\":[\"https:\\\/\\\/flamingosschool.com\\\/sk\\\/emqa-questions\\\/\"]}]},{\"@type\":\"BreadcrumbList\",\"@id\":\"https:\\\/\\\/flamingosschool.com\\\/sk\\\/emqa-questions\\\/#breadcrumb\",\"itemListElement\":[{\"@type\":\"ListItem\",\"position\":1,\"name\":\"Home\",\"item\":\"https:\\\/\\\/flamingosschool.com\\\/\"},{\"@type\":\"ListItem\",\"position\":2,\"name\":\"P\u00fdtali ste sa a my sme odpovedali\"}]},{\"@type\":\"WebSite\",\"@id\":\"https:\\\/\\\/flamingosschool.com\\\/#website\",\"url\":\"https:\\\/\\\/flamingosschool.com\\\/\",\"name\":\"Flamingos School\",\"description\":\"Learn Slovak language\",\"publisher\":{\"@id\":\"https:\\\/\\\/flamingosschool.com\\\/#organization\"},\"potentialAction\":[{\"@type\":\"SearchAction\",\"target\":{\"@type\":\"EntryPoint\",\"urlTemplate\":\"https:\\\/\\\/flamingosschool.com\\\/?s={search_term_string}\"},\"query-input\":{\"@type\":\"PropertyValueSpecification\",\"valueRequired\":true,\"valueName\":\"search_term_string\"}}],\"inLanguage\":\"sk-SK\"},{\"@type\":\"Organization\",\"@id\":\"https:\\\/\\\/flamingosschool.com\\\/#organization\",\"name\":\"Flamingos School\",\"url\":\"https:\\\/\\\/flamingosschool.com\\\/\",\"logo\":{\"@type\":\"ImageObject\",\"inLanguage\":\"sk-SK\",\"@id\":\"https:\\\/\\\/flamingosschool.com\\\/#\\\/schema\\\/logo\\\/image\\\/\",\"url\":\"https:\\\/\\\/flamingosschool.com\\\/wp-content\\\/uploads\\\/2022\\\/09\\\/Flamingos-resize-198x49-1.png\",\"contentUrl\":\"https:\\\/\\\/flamingosschool.com\\\/wp-content\\\/uploads\\\/2022\\\/09\\\/Flamingos-resize-198x49-1.png\",\"width\":198,\"height\":49,\"caption\":\"Flamingos School\"},\"image\":{\"@id\":\"https:\\\/\\\/flamingosschool.com\\\/#\\\/schema\\\/logo\\\/image\\\/\"},\"sameAs\":[\"https:\\\/\\\/www.facebook.com\\\/flamingosschool\\\/\",\"https:\\\/\\\/www.instagram.com\\\/flamingos.online.school\\\/\"]}]}<\/script>\n<!-- \/ Yoast SEO plugin. -->","yoast_head_json":{"title":"P\u00fdtali ste sa a my sme odpovedali - Flamingos School","robots":{"index":"index","follow":"follow","max-snippet":"max-snippet:-1","max-image-preview":"max-image-preview:large","max-video-preview":"max-video-preview:-1"},"canonical":"https:\/\/flamingosschool.com\/sk\/emqa-questions\/","og_locale":"sk_SK","og_type":"article","og_title":"P\u00fdtali ste sa a my sme odpovedali - Flamingos School","og_url":"https:\/\/flamingosschool.com\/sk\/emqa-questions\/","og_site_name":"Flamingos School","article_publisher":"https:\/\/www.facebook.com\/flamingosschool\/","article_modified_time":"2025-09-17T00:16:38+00:00","schema":{"@context":"https:\/\/schema.org","@graph":[{"@type":"WebPage","@id":"https:\/\/flamingosschool.com\/sk\/emqa-questions\/","url":"https:\/\/flamingosschool.com\/sk\/emqa-questions\/","name":"P\u00fdtali ste sa a my sme odpovedali - Flamingos School","isPartOf":{"@id":"https:\/\/flamingosschool.com\/#website"},"datePublished":"2025-08-11T18:24:41+00:00","dateModified":"2025-09-17T00:16:38+00:00","breadcrumb":{"@id":"https:\/\/flamingosschool.com\/sk\/emqa-questions\/#breadcrumb"},"inLanguage":"sk-SK","potentialAction":[{"@type":"ReadAction","target":["https:\/\/flamingosschool.com\/sk\/emqa-questions\/"]}]},{"@type":"BreadcrumbList","@id":"https:\/\/flamingosschool.com\/sk\/emqa-questions\/#breadcrumb","itemListElement":[{"@type":"ListItem","position":1,"name":"Home","item":"https:\/\/flamingosschool.com\/"},{"@type":"ListItem","position":2,"name":"P\u00fdtali ste sa a my sme odpovedali"}]},{"@type":"WebSite","@id":"https:\/\/flamingosschool.com\/#website","url":"https:\/\/flamingosschool.com\/","name":"Flamingos School","description":"Learn Slovak language","publisher":{"@id":"https:\/\/flamingosschool.com\/#organization"},"potentialAction":[{"@type":"SearchAction","target":{"@type":"EntryPoint","urlTemplate":"https:\/\/flamingosschool.com\/?s={search_term_string}"},"query-input":{"@type":"PropertyValueSpecification","valueRequired":true,"valueName":"search_term_string"}}],"inLanguage":"sk-SK"},{"@type":"Organization","@id":"https:\/\/flamingosschool.com\/#organization","name":"Flamingos School","url":"https:\/\/flamingosschool.com\/","logo":{"@type":"ImageObject","inLanguage":"sk-SK","@id":"https:\/\/flamingosschool.com\/#\/schema\/logo\/image\/","url":"https:\/\/flamingosschool.com\/wp-content\/uploads\/2022\/09\/Flamingos-resize-198x49-1.png","contentUrl":"https:\/\/flamingosschool.com\/wp-content\/uploads\/2022\/09\/Flamingos-resize-198x49-1.png","width":198,"height":49,"caption":"Flamingos School"},"image":{"@id":"https:\/\/flamingosschool.com\/#\/schema\/logo\/image\/"},"sameAs":["https:\/\/www.facebook.com\/flamingosschool\/","https:\/\/www.instagram.com\/flamingos.online.school\/"]}]}},"jetpack_sharing_enabled":true,"_links":{"self":[{"href":"https:\/\/flamingosschool.com\/sk\/wp-json\/wp\/v2\/pages\/3309","targetHints":{"allow":["GET"]}}],"collection":[{"href":"https:\/\/flamingosschool.com\/sk\/wp-json\/wp\/v2\/pages"}],"about":[{"href":"https:\/\/flamingosschool.com\/sk\/wp-json\/wp\/v2\/types\/page"}],"author":[{"embeddable":true,"href":"https:\/\/flamingosschool.com\/sk\/wp-json\/wp\/v2\/users\/1"}],"replies":[{"embeddable":true,"href":"https:\/\/flamingosschool.com\/sk\/wp-json\/wp\/v2\/comments?post=3309"}],"version-history":[{"count":0,"href":"https:\/\/flamingosschool.com\/sk\/wp-json\/wp\/v2\/pages\/3309\/revisions"}],"wp:attachment":[{"href":"https:\/\/flamingosschool.com\/sk\/wp-json\/wp\/v2\/media?parent=3309"}],"curies":[{"name":"wp","href":"https:\/\/api.w.org\/{rel}","templated":true}]}}